{"id":11,"date":"2023-04-18T16:00:20","date_gmt":"2023-04-18T19:00:20","guid":{"rendered":"https:\/\/acervo23.com.br\/?page_id=11"},"modified":"2024-04-04T21:29:17","modified_gmt":"2024-04-05T00:29:17","slug":"quem-somos-equipe","status":"publish","type":"page","link":"https:\/\/acervo23.com.br\/portal\/quem-somos-equipe\/","title":{"rendered":"Equipe Acervo"},"content":{"rendered":"\n<p>O Ambiente Acervo, um ve\u00edculo de not\u00edcias independente que emergiu em 2018 como um modesto perfil no Instagram com foco em reportagens relacionadas \u00e0 atividade policial, tem testemunhado uma jornada de crescimento e evolu\u00e7\u00e3o desde ent\u00e3o.<\/p>\n\n\n\n<p>Nossa trajet\u00f3ria tem sido marcada por uma transforma\u00e7\u00e3o cont\u00ednua, na qual a nossa paix\u00e3o pela transpar\u00eancia se converteu em um compromisso di\u00e1rio de fornecer informa\u00e7\u00f5es de alta qualidade para uma audi\u00eancia cada vez mais ampla.<\/p>\n\n\n\n<p>Ao longo desse caminho, expandimos nossa cobertura para al\u00e9m das not\u00edcias policiais, explorando uma gama diversificada de temas e incentivando debates construtivos em nossa comunidade.<\/p>\n\n\n\n<p>O lan\u00e7amento do nosso site representa um marco significativo nessa jornada, sendo uma extens\u00e3o tang\u00edvel do nosso compromisso com a dissemina\u00e7\u00e3o de informa\u00e7\u00f5es envolventes e informativas. \u00c9 um espa\u00e7o onde os visitantes podem mergulhar em uma experi\u00eancia enriquecedora, explorando conte\u00fados relevantes e atualizados.<\/p>\n\n\n\n<p>Damos as boas-vindas a todos que se juntam a n\u00f3s neste ambiente, onde a busca incessante pela verdade e a promo\u00e7\u00e3o do conhecimento s\u00e3o os pilares fundamentais da nossa miss\u00e3o. Que cada visita ao Ambiente Acervo seja uma oportunidade para fortalecer la\u00e7os e enriquecer o entendimento coletivo sobre o mundo que nos cerca.<\/p>\n","protected":false},"excerpt":{"rendered":"<p>O Ambiente Acervo, um ve\u00edculo de not\u00edcias independente que emergiu em 2018 como um modesto perfil no Instagram com foco em reportagens relacionadas \u00e0 atividade policial, tem testemunhado uma jornada de crescimento e evolu\u00e7\u00e3o desde ent\u00e3o. Nossa trajet\u00f3ria tem sido marcada por uma transforma\u00e7\u00e3o cont\u00ednua, na qual a nossa paix\u00e3o pela transpar\u00eancia se converteu em [&hellip;]<\/p>\n","protected":false},"author":10,"featured_media":0,"parent":0,"menu_order":0,"comment_status":"closed","ping_status":"closed","template":"","meta":{"footnotes":""},"class_list":["post-11","page","type-page","status-publish","hentry"],"yoast_head":"<!-- This site is optimized with the Yoast SEO plugin v27.4 - https:\/\/yoast.com\/product\/yoast-seo-wordpress\/ -->\n<title>Equipe Acervo - Acervo Not\u00edcias<\/title>\n<meta name=\"robots\" content=\"index, follow, max-snippet:-1, max-image-preview:large, max-video-preview:-1\" \/>\n<link rel=\"canonical\" href=\"https:\/\/acervo23.com.br\/portal\/quem-somos-equipe\/\" \/>\n<meta property=\"og:locale\" content=\"pt_BR\" \/>\n<meta property=\"og:type\" content=\"article\" \/>\n<meta property=\"og:title\" content=\"Equipe Acervo - Acervo Not\u00edcias\" \/>\n<meta property=\"og:description\" content=\"O Ambiente Acervo, um ve\u00edculo de not\u00edcias independente que emergiu em 2018 como um modesto perfil no Instagram com foco em reportagens relacionadas \u00e0 atividade policial, tem testemunhado uma jornada de crescimento e evolu\u00e7\u00e3o desde ent\u00e3o. Nossa trajet\u00f3ria tem sido marcada por uma transforma\u00e7\u00e3o cont\u00ednua, na qual a nossa paix\u00e3o pela transpar\u00eancia se converteu em [&hellip;]\" \/>\n<meta property=\"og:url\" content=\"https:\/\/acervo23.com.br\/portal\/quem-somos-equipe\/\" \/>\n<meta property=\"og:site_name\" content=\"Acervo Not\u00edcias\" \/>\n<meta property=\"article:publisher\" content=\"https:\/\/www.facebook.com\/kamillaevelynn?mibextid=LQQJ4d\" \/>\n<meta property=\"article:modified_time\" content=\"2024-04-05T00:29:17+00:00\" \/>\n<meta property=\"og:image\" content=\"https:\/\/acervo23.com.br\/portal\/wp-content\/uploads\/2024\/08\/background-acervo23.jpg\" \/>\n\t<meta property=\"og:image:width\" content=\"1200\" \/>\n\t<meta property=\"og:image:height\" content=\"800\" \/>\n\t<meta property=\"og:image:type\" content=\"image\/jpeg\" \/>\n<meta name=\"twitter:card\" content=\"summary_large_image\" \/>\n<meta name=\"twitter:label1\" content=\"Est. tempo de leitura\" \/>\n\t<meta name=\"twitter:data1\" content=\"1 minuto\" \/>\n<script type=\"application\/ld+json\" class=\"yoast-schema-graph\">{\"@context\":\"https:\\\/\\\/schema.org\",\"@graph\":[{\"@type\":\"WebPage\",\"@id\":\"https:\\\/\\\/acervo23.com.br\\\/portal\\\/quem-somos-equipe\\\/\",\"url\":\"https:\\\/\\\/acervo23.com.br\\\/portal\\\/quem-somos-equipe\\\/\",\"name\":\"Equipe Acervo - Acervo Not\u00edcias\",\"isPartOf\":{\"@id\":\"https:\\\/\\\/acervo23.com.br\\\/portal\\\/#website\"},\"datePublished\":\"2023-04-18T19:00:20+00:00\",\"dateModified\":\"2024-04-05T00:29:17+00:00\",\"breadcrumb\":{\"@id\":\"https:\\\/\\\/acervo23.com.br\\\/portal\\\/quem-somos-equipe\\\/#breadcrumb\"},\"inLanguage\":\"pt-BR\",\"potentialAction\":[{\"@type\":\"ReadAction\",\"target\":[\"https:\\\/\\\/acervo23.com.br\\\/portal\\\/quem-somos-equipe\\\/\"]}]},{\"@type\":\"BreadcrumbList\",\"@id\":\"https:\\\/\\\/acervo23.com.br\\\/portal\\\/quem-somos-equipe\\\/#breadcrumb\",\"itemListElement\":[{\"@type\":\"ListItem\",\"position\":1,\"name\":\"In\u00edcio\",\"item\":\"https:\\\/\\\/acervo23.com.br\\\/portal\\\/\"},{\"@type\":\"ListItem\",\"position\":2,\"name\":\"Equipe Acervo\"}]},{\"@type\":\"WebSite\",\"@id\":\"https:\\\/\\\/acervo23.com.br\\\/portal\\\/#website\",\"url\":\"https:\\\/\\\/acervo23.com.br\\\/portal\\\/\",\"name\":\"Acervo Not\u00edcias\",\"description\":\"Acervo 23 Not\u00edcias: informa\u00e7\u00e3o de qualidade e atualizada sobre os principais acontecimentos em Picos, Piau\u00ed, Brasil e no mundo. Seu portal de not\u00edcias confi\u00e1vel e diversificado, cobrindo economia, cultura, esportes, eventos e muito mais.\",\"publisher\":{\"@id\":\"https:\\\/\\\/acervo23.com.br\\\/portal\\\/#organization\"},\"alternateName\":\"Acervo Picos, Acervo Not\u00edcias Picos, Acervo Not\u00edcias Piau\u00ed, Acervonews, Acervonoticias, ACERVO23, Picos\",\"potentialAction\":[{\"@type\":\"SearchAction\",\"target\":{\"@type\":\"EntryPoint\",\"urlTemplate\":\"https:\\\/\\\/acervo23.com.br\\\/portal\\\/?s={search_term_string}\"},\"query-input\":{\"@type\":\"PropertyValueSpecification\",\"valueRequired\":true,\"valueName\":\"search_term_string\"}}],\"inLanguage\":\"pt-BR\"},{\"@type\":\"Organization\",\"@id\":\"https:\\\/\\\/acervo23.com.br\\\/portal\\\/#organization\",\"name\":\"Acervo Not\u00edcias\",\"alternateName\":\"AcervoNot\u00edcias, Acervo Not\u00edcias Picos, Acervo Not\u00edcias Piau\u00ed, AcervoNews, Acervo News, Acervo23\",\"url\":\"https:\\\/\\\/acervo23.com.br\\\/portal\\\/\",\"logo\":{\"@type\":\"ImageObject\",\"inLanguage\":\"pt-BR\",\"@id\":\"https:\\\/\\\/acervo23.com.br\\\/portal\\\/#\\\/schema\\\/logo\\\/image\\\/\",\"url\":\"https:\\\/\\\/acervo23.com.br\\\/portal\\\/wp-content\\\/uploads\\\/2023\\\/05\\\/Logo-Acervo-final.jpg\",\"contentUrl\":\"https:\\\/\\\/acervo23.com.br\\\/portal\\\/wp-content\\\/uploads\\\/2023\\\/05\\\/Logo-Acervo-final.jpg\",\"width\":375,\"height\":344,\"caption\":\"Acervo Not\u00edcias\"},\"image\":{\"@id\":\"https:\\\/\\\/acervo23.com.br\\\/portal\\\/#\\\/schema\\\/logo\\\/image\\\/\"},\"sameAs\":[\"https:\\\/\\\/www.facebook.com\\\/kamillaevelynn?mibextid=LQQJ4d\",\"https:\\\/\\\/youtube.com\\\/@acervonoticias?si=4ngb5Sz2rlWqhTEm\",\"https:\\\/\\\/www.instagram.com\\\/acervonoticias\\\/?igshid=MzMyNGUyNmU2YQ==\"]}]}<\/script>\n<!-- \/ Yoast SEO plugin. -->","yoast_head_json":{"title":"Equipe Acervo - Acervo Not\u00edcias","robots":{"index":"index","follow":"follow","max-snippet":"max-snippet:-1","max-image-preview":"max-image-preview:large","max-video-preview":"max-video-preview:-1"},"canonical":"https:\/\/acervo23.com.br\/portal\/quem-somos-equipe\/","og_locale":"pt_BR","og_type":"article","og_title":"Equipe Acervo - Acervo Not\u00edcias","og_description":"O Ambiente Acervo, um ve\u00edculo de not\u00edcias independente que emergiu em 2018 como um modesto perfil no Instagram com foco em reportagens relacionadas \u00e0 atividade policial, tem testemunhado uma jornada de crescimento e evolu\u00e7\u00e3o desde ent\u00e3o. Nossa trajet\u00f3ria tem sido marcada por uma transforma\u00e7\u00e3o cont\u00ednua, na qual a nossa paix\u00e3o pela transpar\u00eancia se converteu em [&hellip;]","og_url":"https:\/\/acervo23.com.br\/portal\/quem-somos-equipe\/","og_site_name":"Acervo Not\u00edcias","article_publisher":"https:\/\/www.facebook.com\/kamillaevelynn?mibextid=LQQJ4d","article_modified_time":"2024-04-05T00:29:17+00:00","og_image":[{"width":1200,"height":800,"url":"https:\/\/acervo23.com.br\/portal\/wp-content\/uploads\/2024\/08\/background-acervo23.jpg","type":"image\/jpeg"}],"twitter_card":"summary_large_image","twitter_misc":{"Est. tempo de leitura":"1 minuto"},"schema":{"@context":"https:\/\/schema.org","@graph":[{"@type":"WebPage","@id":"https:\/\/acervo23.com.br\/portal\/quem-somos-equipe\/","url":"https:\/\/acervo23.com.br\/portal\/quem-somos-equipe\/","name":"Equipe Acervo - Acervo Not\u00edcias","isPartOf":{"@id":"https:\/\/acervo23.com.br\/portal\/#website"},"datePublished":"2023-04-18T19:00:20+00:00","dateModified":"2024-04-05T00:29:17+00:00","breadcrumb":{"@id":"https:\/\/acervo23.com.br\/portal\/quem-somos-equipe\/#breadcrumb"},"inLanguage":"pt-BR","potentialAction":[{"@type":"ReadAction","target":["https:\/\/acervo23.com.br\/portal\/quem-somos-equipe\/"]}]},{"@type":"BreadcrumbList","@id":"https:\/\/acervo23.com.br\/portal\/quem-somos-equipe\/#breadcrumb","itemListElement":[{"@type":"ListItem","position":1,"name":"In\u00edcio","item":"https:\/\/acervo23.com.br\/portal\/"},{"@type":"ListItem","position":2,"name":"Equipe Acervo"}]},{"@type":"WebSite","@id":"https:\/\/acervo23.com.br\/portal\/#website","url":"https:\/\/acervo23.com.br\/portal\/","name":"Acervo Not\u00edcias","description":"Acervo 23 Not\u00edcias: informa\u00e7\u00e3o de qualidade e atualizada sobre os principais acontecimentos em Picos, Piau\u00ed, Brasil e no mundo. Seu portal de not\u00edcias confi\u00e1vel e diversificado, cobrindo economia, cultura, esportes, eventos e muito mais.","publisher":{"@id":"https:\/\/acervo23.com.br\/portal\/#organization"},"alternateName":"Acervo Picos, Acervo Not\u00edcias Picos, Acervo Not\u00edcias Piau\u00ed, Acervonews, Acervonoticias, ACERVO23, Picos","potentialAction":[{"@type":"SearchAction","target":{"@type":"EntryPoint","urlTemplate":"https:\/\/acervo23.com.br\/portal\/?s={search_term_string}"},"query-input":{"@type":"PropertyValueSpecification","valueRequired":true,"valueName":"search_term_string"}}],"inLanguage":"pt-BR"},{"@type":"Organization","@id":"https:\/\/acervo23.com.br\/portal\/#organization","name":"Acervo Not\u00edcias","alternateName":"AcervoNot\u00edcias, Acervo Not\u00edcias Picos, Acervo Not\u00edcias Piau\u00ed, AcervoNews, Acervo News, Acervo23","url":"https:\/\/acervo23.com.br\/portal\/","logo":{"@type":"ImageObject","inLanguage":"pt-BR","@id":"https:\/\/acervo23.com.br\/portal\/#\/schema\/logo\/image\/","url":"https:\/\/acervo23.com.br\/portal\/wp-content\/uploads\/2023\/05\/Logo-Acervo-final.jpg","contentUrl":"https:\/\/acervo23.com.br\/portal\/wp-content\/uploads\/2023\/05\/Logo-Acervo-final.jpg","width":375,"height":344,"caption":"Acervo Not\u00edcias"},"image":{"@id":"https:\/\/acervo23.com.br\/portal\/#\/schema\/logo\/image\/"},"sameAs":["https:\/\/www.facebook.com\/kamillaevelynn?mibextid=LQQJ4d","https:\/\/youtube.com\/@acervonoticias?si=4ngb5Sz2rlWqhTEm","https:\/\/www.instagram.com\/acervonoticias\/?igshid=MzMyNGUyNmU2YQ=="]}]}},"_links":{"self":[{"href":"https:\/\/acervo23.com.br\/portal\/wp-json\/wp\/v2\/pages\/11","targetHints":{"allow":["GET"]}}],"collection":[{"href":"https:\/\/acervo23.com.br\/portal\/wp-json\/wp\/v2\/pages"}],"about":[{"href":"https:\/\/acervo23.com.br\/portal\/wp-json\/wp\/v2\/types\/page"}],"author":[{"embeddable":true,"href":"https:\/\/acervo23.com.br\/portal\/wp-json\/wp\/v2\/users\/10"}],"replies":[{"embeddable":true,"href":"https:\/\/acervo23.com.br\/portal\/wp-json\/wp\/v2\/comments?post=11"}],"version-history":[{"count":0,"href":"https:\/\/acervo23.com.br\/portal\/wp-json\/wp\/v2\/pages\/11\/revisions"}],"wp:attachment":[{"href":"https:\/\/acervo23.com.br\/portal\/wp-json\/wp\/v2\/media?parent=11"}],"curies":[{"name":"wp","href":"https:\/\/api.w.org\/{rel}","templated":true}]}}