{"id":9,"date":"2023-04-18T16:00:07","date_gmt":"2023-04-18T19:00:07","guid":{"rendered":"https:\/\/acervo23.com.br\/?page_id=9"},"modified":"2024-05-22T20:54:46","modified_gmt":"2024-05-22T23:54:46","slug":"fale-conosco","status":"publish","type":"page","link":"https:\/\/acervo23.com.br\/portal\/fale-conosco\/","title":{"rendered":"Fale conosco"},"content":{"rendered":"\n<p>Estamos sempre \u00e0 disposi\u00e7\u00e3o para ouvir voc\u00ea! Seja para d\u00favidas, sugest\u00f5es, feedbacks ou qualquer outra necessidade, entre em contato conosco pelos seguintes meios:<\/p>\n\n\n\n<p><strong>Telefone:<\/strong><br>(89) 98136-3404<\/p>\n\n\n\n<p><strong>E-mail:<\/strong><br>Acervonoticias23@gmail.com<\/p>\n\n\n\n<p>Nosso time est\u00e1 pronto para ajudar e responder o mais breve poss\u00edvel. Agradecemos por seu interesse no Acervo 24!<\/p>\n\n\n\n<hr class=\"wp-block-separator has-alpha-channel-opacity\"\/>\n\n\n\n<h3 class=\"wp-block-heading\">Hor\u00e1rio de Atendimento<\/h3>\n\n\n\n<p>De segunda a sexta-feira: das 9h \u00e0s 18h<br>S\u00e1bado: das 9h \u00e0s 13h<br>Domingo e feriados: Fechad<\/p>\n\n\n\n<hr class=\"wp-block-separator has-alpha-channel-opacity\"\/>\n\n\n\n<h3 class=\"wp-block-heading\">Redes Sociais<\/h3>\n\n\n\n<p>Fique por dentro das nossas novidades e interaja conosco atrav\u00e9s das nossas redes sociais:<\/p>\n\n\n\n<ul class=\"wp-block-list\">\n<li><a href=\"https:\/\/www.facebook.com\/AcervoNoticias23\">Facebook<\/a><\/li>\n\n\n\n<li><a href=\"https:\/\/www.threads.net\/@acervo23noticias\">Twitter<\/a><\/li>\n\n\n\n<li><a href=\"https:\/\/www.instagram.com\/acervo23noticias\">Instagram<\/a><\/li>\n<\/ul>\n\n\n\n<hr class=\"wp-block-separator has-alpha-channel-opacity\"\/>\n\n\n\n<p>Estamos ansiosos para ouvir de voc\u00ea! Sua opini\u00e3o \u00e9 muito importante para n\u00f3s.<\/p>\n\n\n\n<hr class=\"wp-block-separator has-alpha-channel-opacity\"\/>\n\n\n\n<p><strong>Acervo 24 &#8211; Seu portal de not\u00edcias confi\u00e1vel.<\/strong><\/p>\n","protected":false},"excerpt":{"rendered":"<p>Estamos sempre \u00e0 disposi\u00e7\u00e3o para ouvir voc\u00ea! Seja para d\u00favidas, sugest\u00f5es, feedbacks ou qualquer outra necessidade, entre em contato conosco pelos seguintes meios: Telefone:(89) 98136-3404 E-mail:Acervonoticias23@gmail.com Nosso time est\u00e1 pronto para ajudar e responder o mais breve poss\u00edvel. Agradecemos por seu interesse no Acervo 24! Hor\u00e1rio de Atendimento De segunda a sexta-feira: das 9h \u00e0s [&hellip;]<\/p>\n","protected":false},"author":10,"featured_media":0,"parent":0,"menu_order":0,"comment_status":"closed","ping_status":"closed","template":"","meta":{"footnotes":""},"class_list":["post-9","page","type-page","status-publish","hentry"],"yoast_head":"<!-- This site is optimized with the Yoast SEO plugin v27.4 - https:\/\/yoast.com\/product\/yoast-seo-wordpress\/ -->\n<title>Fale conosco - Acervo Not\u00edcias<\/title>\n<meta name=\"robots\" content=\"index, follow, max-snippet:-1, max-image-preview:large, max-video-preview:-1\" \/>\n<link rel=\"canonical\" href=\"https:\/\/acervo23.com.br\/portal\/fale-conosco\/\" \/>\n<meta property=\"og:locale\" content=\"pt_BR\" \/>\n<meta property=\"og:type\" content=\"article\" \/>\n<meta property=\"og:title\" content=\"Fale conosco - Acervo Not\u00edcias\" \/>\n<meta property=\"og:description\" content=\"Estamos sempre \u00e0 disposi\u00e7\u00e3o para ouvir voc\u00ea! Seja para d\u00favidas, sugest\u00f5es, feedbacks ou qualquer outra necessidade, entre em contato conosco pelos seguintes meios: Telefone:(89) 98136-3404 E-mail:Acervonoticias23@gmail.com Nosso time est\u00e1 pronto para ajudar e responder o mais breve poss\u00edvel. Agradecemos por seu interesse no Acervo 24! Hor\u00e1rio de Atendimento De segunda a sexta-feira: das 9h \u00e0s [&hellip;]\" \/>\n<meta property=\"og:url\" content=\"https:\/\/acervo23.com.br\/portal\/fale-conosco\/\" \/>\n<meta property=\"og:site_name\" content=\"Acervo Not\u00edcias\" \/>\n<meta property=\"article:publisher\" content=\"https:\/\/www.facebook.com\/kamillaevelynn?mibextid=LQQJ4d\" \/>\n<meta property=\"article:modified_time\" content=\"2024-05-22T23:54:46+00:00\" \/>\n<meta property=\"og:image\" content=\"https:\/\/acervo23.com.br\/portal\/wp-content\/uploads\/2024\/08\/background-acervo23.jpg\" \/>\n\t<meta property=\"og:image:width\" content=\"1200\" \/>\n\t<meta property=\"og:image:height\" content=\"800\" \/>\n\t<meta property=\"og:image:type\" content=\"image\/jpeg\" \/>\n<meta name=\"twitter:card\" content=\"summary_large_image\" \/>\n<meta name=\"twitter:label1\" content=\"Est. tempo de leitura\" \/>\n\t<meta name=\"twitter:data1\" content=\"1 minuto\" \/>\n<script type=\"application\/ld+json\" class=\"yoast-schema-graph\">{\"@context\":\"https:\\\/\\\/schema.org\",\"@graph\":[{\"@type\":\"WebPage\",\"@id\":\"https:\\\/\\\/acervo23.com.br\\\/portal\\\/fale-conosco\\\/\",\"url\":\"https:\\\/\\\/acervo23.com.br\\\/portal\\\/fale-conosco\\\/\",\"name\":\"Fale conosco - Acervo Not\u00edcias\",\"isPartOf\":{\"@id\":\"https:\\\/\\\/acervo23.com.br\\\/portal\\\/#website\"},\"datePublished\":\"2023-04-18T19:00:07+00:00\",\"dateModified\":\"2024-05-22T23:54:46+00:00\",\"breadcrumb\":{\"@id\":\"https:\\\/\\\/acervo23.com.br\\\/portal\\\/fale-conosco\\\/#breadcrumb\"},\"inLanguage\":\"pt-BR\",\"potentialAction\":[{\"@type\":\"ReadAction\",\"target\":[\"https:\\\/\\\/acervo23.com.br\\\/portal\\\/fale-conosco\\\/\"]}]},{\"@type\":\"BreadcrumbList\",\"@id\":\"https:\\\/\\\/acervo23.com.br\\\/portal\\\/fale-conosco\\\/#breadcrumb\",\"itemListElement\":[{\"@type\":\"ListItem\",\"position\":1,\"name\":\"In\u00edcio\",\"item\":\"https:\\\/\\\/acervo23.com.br\\\/portal\\\/\"},{\"@type\":\"ListItem\",\"position\":2,\"name\":\"Fale conosco\"}]},{\"@type\":\"WebSite\",\"@id\":\"https:\\\/\\\/acervo23.com.br\\\/portal\\\/#website\",\"url\":\"https:\\\/\\\/acervo23.com.br\\\/portal\\\/\",\"name\":\"Acervo Not\u00edcias\",\"description\":\"Acervo 23 Not\u00edcias: informa\u00e7\u00e3o de qualidade e atualizada sobre os principais acontecimentos em Picos, Piau\u00ed, Brasil e no mundo. Seu portal de not\u00edcias confi\u00e1vel e diversificado, cobrindo economia, cultura, esportes, eventos e muito mais.\",\"publisher\":{\"@id\":\"https:\\\/\\\/acervo23.com.br\\\/portal\\\/#organization\"},\"alternateName\":\"Acervo Picos, Acervo Not\u00edcias Picos, Acervo Not\u00edcias Piau\u00ed, Acervonews, Acervonoticias, ACERVO23, Picos\",\"potentialAction\":[{\"@type\":\"SearchAction\",\"target\":{\"@type\":\"EntryPoint\",\"urlTemplate\":\"https:\\\/\\\/acervo23.com.br\\\/portal\\\/?s={search_term_string}\"},\"query-input\":{\"@type\":\"PropertyValueSpecification\",\"valueRequired\":true,\"valueName\":\"search_term_string\"}}],\"inLanguage\":\"pt-BR\"},{\"@type\":\"Organization\",\"@id\":\"https:\\\/\\\/acervo23.com.br\\\/portal\\\/#organization\",\"name\":\"Acervo Not\u00edcias\",\"alternateName\":\"AcervoNot\u00edcias, Acervo Not\u00edcias Picos, Acervo Not\u00edcias Piau\u00ed, AcervoNews, Acervo News, Acervo23\",\"url\":\"https:\\\/\\\/acervo23.com.br\\\/portal\\\/\",\"logo\":{\"@type\":\"ImageObject\",\"inLanguage\":\"pt-BR\",\"@id\":\"https:\\\/\\\/acervo23.com.br\\\/portal\\\/#\\\/schema\\\/logo\\\/image\\\/\",\"url\":\"https:\\\/\\\/acervo23.com.br\\\/portal\\\/wp-content\\\/uploads\\\/2023\\\/05\\\/Logo-Acervo-final.jpg\",\"contentUrl\":\"https:\\\/\\\/acervo23.com.br\\\/portal\\\/wp-content\\\/uploads\\\/2023\\\/05\\\/Logo-Acervo-final.jpg\",\"width\":375,\"height\":344,\"caption\":\"Acervo Not\u00edcias\"},\"image\":{\"@id\":\"https:\\\/\\\/acervo23.com.br\\\/portal\\\/#\\\/schema\\\/logo\\\/image\\\/\"},\"sameAs\":[\"https:\\\/\\\/www.facebook.com\\\/kamillaevelynn?mibextid=LQQJ4d\",\"https:\\\/\\\/youtube.com\\\/@acervonoticias?si=4ngb5Sz2rlWqhTEm\",\"https:\\\/\\\/www.instagram.com\\\/acervonoticias\\\/?igshid=MzMyNGUyNmU2YQ==\"]}]}<\/script>\n<!-- \/ Yoast SEO plugin. -->","yoast_head_json":{"title":"Fale conosco - Acervo Not\u00edcias","robots":{"index":"index","follow":"follow","max-snippet":"max-snippet:-1","max-image-preview":"max-image-preview:large","max-video-preview":"max-video-preview:-1"},"canonical":"https:\/\/acervo23.com.br\/portal\/fale-conosco\/","og_locale":"pt_BR","og_type":"article","og_title":"Fale conosco - Acervo Not\u00edcias","og_description":"Estamos sempre \u00e0 disposi\u00e7\u00e3o para ouvir voc\u00ea! Seja para d\u00favidas, sugest\u00f5es, feedbacks ou qualquer outra necessidade, entre em contato conosco pelos seguintes meios: Telefone:(89) 98136-3404 E-mail:Acervonoticias23@gmail.com Nosso time est\u00e1 pronto para ajudar e responder o mais breve poss\u00edvel. Agradecemos por seu interesse no Acervo 24! Hor\u00e1rio de Atendimento De segunda a sexta-feira: das 9h \u00e0s [&hellip;]","og_url":"https:\/\/acervo23.com.br\/portal\/fale-conosco\/","og_site_name":"Acervo Not\u00edcias","article_publisher":"https:\/\/www.facebook.com\/kamillaevelynn?mibextid=LQQJ4d","article_modified_time":"2024-05-22T23:54:46+00:00","og_image":[{"width":1200,"height":800,"url":"https:\/\/acervo23.com.br\/portal\/wp-content\/uploads\/2024\/08\/background-acervo23.jpg","type":"image\/jpeg"}],"twitter_card":"summary_large_image","twitter_misc":{"Est. tempo de leitura":"1 minuto"},"schema":{"@context":"https:\/\/schema.org","@graph":[{"@type":"WebPage","@id":"https:\/\/acervo23.com.br\/portal\/fale-conosco\/","url":"https:\/\/acervo23.com.br\/portal\/fale-conosco\/","name":"Fale conosco - Acervo Not\u00edcias","isPartOf":{"@id":"https:\/\/acervo23.com.br\/portal\/#website"},"datePublished":"2023-04-18T19:00:07+00:00","dateModified":"2024-05-22T23:54:46+00:00","breadcrumb":{"@id":"https:\/\/acervo23.com.br\/portal\/fale-conosco\/#breadcrumb"},"inLanguage":"pt-BR","potentialAction":[{"@type":"ReadAction","target":["https:\/\/acervo23.com.br\/portal\/fale-conosco\/"]}]},{"@type":"BreadcrumbList","@id":"https:\/\/acervo23.com.br\/portal\/fale-conosco\/#breadcrumb","itemListElement":[{"@type":"ListItem","position":1,"name":"In\u00edcio","item":"https:\/\/acervo23.com.br\/portal\/"},{"@type":"ListItem","position":2,"name":"Fale conosco"}]},{"@type":"WebSite","@id":"https:\/\/acervo23.com.br\/portal\/#website","url":"https:\/\/acervo23.com.br\/portal\/","name":"Acervo Not\u00edcias","description":"Acervo 23 Not\u00edcias: informa\u00e7\u00e3o de qualidade e atualizada sobre os principais acontecimentos em Picos, Piau\u00ed, Brasil e no mundo. Seu portal de not\u00edcias confi\u00e1vel e diversificado, cobrindo economia, cultura, esportes, eventos e muito mais.","publisher":{"@id":"https:\/\/acervo23.com.br\/portal\/#organization"},"alternateName":"Acervo Picos, Acervo Not\u00edcias Picos, Acervo Not\u00edcias Piau\u00ed, Acervonews, Acervonoticias, ACERVO23, Picos","potentialAction":[{"@type":"SearchAction","target":{"@type":"EntryPoint","urlTemplate":"https:\/\/acervo23.com.br\/portal\/?s={search_term_string}"},"query-input":{"@type":"PropertyValueSpecification","valueRequired":true,"valueName":"search_term_string"}}],"inLanguage":"pt-BR"},{"@type":"Organization","@id":"https:\/\/acervo23.com.br\/portal\/#organization","name":"Acervo Not\u00edcias","alternateName":"AcervoNot\u00edcias, Acervo Not\u00edcias Picos, Acervo Not\u00edcias Piau\u00ed, AcervoNews, Acervo News, Acervo23","url":"https:\/\/acervo23.com.br\/portal\/","logo":{"@type":"ImageObject","inLanguage":"pt-BR","@id":"https:\/\/acervo23.com.br\/portal\/#\/schema\/logo\/image\/","url":"https:\/\/acervo23.com.br\/portal\/wp-content\/uploads\/2023\/05\/Logo-Acervo-final.jpg","contentUrl":"https:\/\/acervo23.com.br\/portal\/wp-content\/uploads\/2023\/05\/Logo-Acervo-final.jpg","width":375,"height":344,"caption":"Acervo Not\u00edcias"},"image":{"@id":"https:\/\/acervo23.com.br\/portal\/#\/schema\/logo\/image\/"},"sameAs":["https:\/\/www.facebook.com\/kamillaevelynn?mibextid=LQQJ4d","https:\/\/youtube.com\/@acervonoticias?si=4ngb5Sz2rlWqhTEm","https:\/\/www.instagram.com\/acervonoticias\/?igshid=MzMyNGUyNmU2YQ=="]}]}},"_links":{"self":[{"href":"https:\/\/acervo23.com.br\/portal\/wp-json\/wp\/v2\/pages\/9","targetHints":{"allow":["GET"]}}],"collection":[{"href":"https:\/\/acervo23.com.br\/portal\/wp-json\/wp\/v2\/pages"}],"about":[{"href":"https:\/\/acervo23.com.br\/portal\/wp-json\/wp\/v2\/types\/page"}],"author":[{"embeddable":true,"href":"https:\/\/acervo23.com.br\/portal\/wp-json\/wp\/v2\/users\/10"}],"replies":[{"embeddable":true,"href":"https:\/\/acervo23.com.br\/portal\/wp-json\/wp\/v2\/comments?post=9"}],"version-history":[{"count":0,"href":"https:\/\/acervo23.com.br\/portal\/wp-json\/wp\/v2\/pages\/9\/revisions"}],"wp:attachment":[{"href":"https:\/\/acervo23.com.br\/portal\/wp-json\/wp\/v2\/media?parent=9"}],"curies":[{"name":"wp","href":"https:\/\/api.w.org\/{rel}","templated":true}]}}